{"id":268,"date":"2020-09-11T02:11:16","date_gmt":"2020-09-11T05:11:16","guid":{"rendered":"http:\/\/www.yoayudoachicoscondiabetes.org\/2020\/?page_id=268"},"modified":"2020-10-22T01:07:07","modified_gmt":"2020-10-22T04:07:07","slug":"prensa","status":"publish","type":"page","link":"https:\/\/www.yoayudoachicoscondiabetes.org\/2020\/prensa\/","title":{"rendered":"Prensa"},"content":{"rendered":"\t\t<div data-elementor-type=\"wp-page\" data-elementor-id=\"268\" class=\"elementor elementor-268\">\n\t\t\t\t\t\t<section class=\"elementor-section elementor-top-section elementor-element elementor-element-4a06191 elementor-section-height-min-height elementor-section-full_width elementor-section-items-stretch elementor-section-height-default\" data-id=\"4a06191\" data-element_type=\"section\" data-settings=\"{&quot;background_background&quot;:&quot;classic&quot;}\">\n\t\t\t\t\t\t<div class=\"elementor-container elementor-column-gap-default\">\n\t\t\t\t\t<div class=\"elementor-column elementor-col-100 elementor-top-column elementor-element elementor-element-0d7e489\" data-id=\"0d7e489\" data-element_type=\"column\">\n\t\t\t<div class=\"elementor-widget-wrap\">\n\t\t\t\t\t\t\t<\/div>\n\t\t<\/div>\n\t\t\t\t\t<\/div>\n\t\t<\/section>\n\t\t\t\t<section class=\"elementor-section elementor-top-section elementor-element elementor-element-e5566ae animated-slow elementor-section-full_width elementor-section-height-default elementor-section-height-default elementor-invisible\" data-id=\"e5566ae\" data-element_type=\"section\" data-settings=\"{&quot;animation&quot;:&quot;slideInUp&quot;}\">\n\t\t\t\t\t\t<div class=\"elementor-container elementor-column-gap-default\">\n\t\t\t\t\t<div class=\"elementor-column elementor-col-100 elementor-top-column elementor-element elementor-element-1217c5a9\" data-id=\"1217c5a9\" data-element_type=\"column\">\n\t\t\t<div class=\"elementor-widget-wrap elementor-element-populated\">\n\t\t\t\t\t\t<div class=\"elementor-element elementor-element-6c560741 elementor-widget elementor-widget-heading\" data-id=\"6c560741\" data-element_type=\"widget\" data-widget_type=\"heading.default\">\n\t\t\t\t<div class=\"elementor-widget-container\">\n\t\t\t\t\t<h3 class=\"elementor-heading-title elementor-size-default\">Nosotros<\/h3>\t\t\t\t<\/div>\n\t\t\t\t<\/div>\n\t\t\t\t<div class=\"elementor-element elementor-element-21489c5d elementor-widget elementor-widget-text-editor\" data-id=\"21489c5d\" data-element_type=\"widget\" data-widget_type=\"text-editor.default\">\n\t\t\t\t<div class=\"elementor-widget-container\">\n\t\t\t\t\t\t\t\t\t<p>La\u00a0<span style=\"color: #0087cb;\">Asociaci\u00f3n para el Cuidado de la Diabetes en Argentina CUI.D.AR<\/span>\u00a0es una Asociaci\u00f3n Civil sin fines de lucro que desde el 2001 trabaja<br \/>en favor de Ni\u00f1os, Ni\u00f1as, Adolescentes, J\u00f3venes y Adultos que viven con Diabetes.<br \/>Los esfuerzos de\u00a0<span style=\"color: #0087cb;\">CUI.D.AR<\/span>\u00a0est\u00e1n puestos en minimizar el impacto de la diabetes en la vida de las personas, a trav\u00e9s de la prevenci\u00f3n,<br \/>la educaci\u00f3n, la sensibilizaci\u00f3n y la concientizaci\u00f3n social, defensa de los derechos y la plena integraci\u00f3n en la sociedad.<br \/>Su intervenci\u00f3n repercute en la calidad del tratamiento, en el mejor acceso a mejores cuidados y en el bienestar general de la persona<br \/>con esta condici\u00f3n cr\u00f3nica, y su entorno familiar, escolar y social.<br \/><span style=\"color: #0087cb;\">CUI.D.AR<\/span> crea conciencia social y trabaja fuertemente en acciones de Advocacy e incidencia en pol\u00edticas p\u00fablicas.<\/p><p>A trav\u00e9s de estos a\u00f1os de intensa labor, y por la seriedad, por la responsabilidad y por el alto nivel de compromiso que asumimos,<br \/><span style=\"color: #0087cb;\">CUI.D.AR<\/span> se transform\u00f3 en uno de los referentes m\u00e1s importantes en Diabetes de Argentina.<br \/>Es la organizaci\u00f3n de mayor llegada, crecimiento, alcance y poder de convocatoria, tambi\u00e9n la de mayor generaci\u00f3n de actividades,<br \/>programas y proyectos.<br \/><span style=\"color: #0087cb;\">CUI.D.AR<\/span> ha sabido tambi\u00e9n construir alianzas con importantes Organismos Nacionales e Internacionales, y transformarse<br \/>en una Entidad con Proyecci\u00f3n Internacional.<\/p><p>Los invitamos a visitar la Web Institucional <a href=\"https:\/\/www.cuidar.org\">www.cuidar.org<\/a><br \/>y nuestras Redes Sociales en Facebook, Instagram, Twitter, YouTube: <span style=\"color: #0087cb;\">@cuidardiabetes<\/span><\/p>\t\t\t\t\t\t\t\t<\/div>\n\t\t\t\t<\/div>\n\t\t\t\t\t<\/div>\n\t\t<\/div>\n\t\t\t\t\t<\/div>\n\t\t<\/section>\n\t\t\t\t<section class=\"elementor-section elementor-top-section elementor-element elementor-element-94cf1a7 elementor-section-height-min-height elementor-section-full_width elementor-section-items-stretch elementor-section-height-default\" data-id=\"94cf1a7\" data-element_type=\"section\">\n\t\t\t\t\t\t<div class=\"elementor-container elementor-column-gap-default\">\n\t\t\t\t\t<div class=\"elementor-column elementor-col-25 elementor-top-column elementor-element elementor-element-7511274\" data-id=\"7511274\" data-element_type=\"column\" data-settings=\"{&quot;background_background&quot;:&quot;classic&quot;}\">\n\t\t\t<div class=\"elementor-widget-wrap elementor-element-populated\">\n\t\t\t\t\t\t<div class=\"elementor-element elementor-element-4f085ac9 elementor-widget elementor-widget-heading\" data-id=\"4f085ac9\" data-element_type=\"widget\" data-widget_type=\"heading.default\">\n\t\t\t\t<div class=\"elementor-widget-container\">\n\t\t\t\t\t<h4 class=\"elementor-heading-title elementor-size-default\">Compromiso<\/h4>\t\t\t\t<\/div>\n\t\t\t\t<\/div>\n\t\t\t\t\t<\/div>\n\t\t<\/div>\n\t\t\t\t<div class=\"elementor-column elementor-col-25 elementor-top-column elementor-element elementor-element-7483d07\" data-id=\"7483d07\" data-element_type=\"column\" data-settings=\"{&quot;background_background&quot;:&quot;classic&quot;}\">\n\t\t\t<div class=\"elementor-widget-wrap elementor-element-populated\">\n\t\t\t\t\t<div class=\"elementor-background-overlay\"><\/div>\n\t\t\t\t\t\t<div class=\"elementor-element elementor-element-64ed5732 elementor-widget elementor-widget-heading\" data-id=\"64ed5732\" data-element_type=\"widget\" data-widget_type=\"heading.default\">\n\t\t\t\t<div class=\"elementor-widget-container\">\n\t\t\t\t\t<h4 class=\"elementor-heading-title elementor-size-default\">Excelencia<\/h4>\t\t\t\t<\/div>\n\t\t\t\t<\/div>\n\t\t\t\t\t<\/div>\n\t\t<\/div>\n\t\t\t\t<div class=\"elementor-column elementor-col-25 elementor-top-column elementor-element elementor-element-a74f5be\" data-id=\"a74f5be\" data-element_type=\"column\" data-settings=\"{&quot;background_background&quot;:&quot;classic&quot;}\">\n\t\t\t<div class=\"elementor-widget-wrap elementor-element-populated\">\n\t\t\t\t\t<div class=\"elementor-background-overlay\"><\/div>\n\t\t\t\t\t\t<div class=\"elementor-element elementor-element-ac52873 elementor-widget elementor-widget-heading\" data-id=\"ac52873\" data-element_type=\"widget\" data-widget_type=\"heading.default\">\n\t\t\t\t<div class=\"elementor-widget-container\">\n\t\t\t\t\t<h4 class=\"elementor-heading-title elementor-size-default\">Profesionalismo<\/h4>\t\t\t\t<\/div>\n\t\t\t\t<\/div>\n\t\t\t\t\t<\/div>\n\t\t<\/div>\n\t\t\t\t<div class=\"elementor-column elementor-col-25 elementor-top-column elementor-element elementor-element-e37d0c0\" data-id=\"e37d0c0\" data-element_type=\"column\" data-settings=\"{&quot;background_background&quot;:&quot;classic&quot;}\">\n\t\t\t<div class=\"elementor-widget-wrap elementor-element-populated\">\n\t\t\t\t\t<div class=\"elementor-background-overlay\"><\/div>\n\t\t\t\t\t\t<div class=\"elementor-element elementor-element-74cd32a elementor-widget elementor-widget-heading\" data-id=\"74cd32a\" data-element_type=\"widget\" data-widget_type=\"heading.default\">\n\t\t\t\t<div class=\"elementor-widget-container\">\n\t\t\t\t\t<h4 class=\"elementor-heading-title elementor-size-default\">Pasi\u00f3n<\/h4>\t\t\t\t<\/div>\n\t\t\t\t<\/div>\n\t\t\t\t\t<\/div>\n\t\t<\/div>\n\t\t\t\t\t<\/div>\n\t\t<\/section>\n\t\t\t\t<section class=\"elementor-section elementor-top-section elementor-element elementor-element-90e636b elementor-section-height-min-height elementor-section-full_width elementor-section-items-stretch elementor-section-height-default\" data-id=\"90e636b\" data-element_type=\"section\">\n\t\t\t\t\t\t<div class=\"elementor-container elementor-column-gap-default\">\n\t\t\t\t\t<div class=\"elementor-column elementor-col-25 elementor-top-column elementor-element elementor-element-ad4e7d4\" data-id=\"ad4e7d4\" data-element_type=\"column\" data-settings=\"{&quot;background_background&quot;:&quot;classic&quot;}\">\n\t\t\t<div class=\"elementor-widget-wrap elementor-element-populated\">\n\t\t\t\t\t<div class=\"elementor-background-overlay\"><\/div>\n\t\t\t\t\t\t<div class=\"elementor-element elementor-element-a37e574 elementor-widget elementor-widget-heading\" data-id=\"a37e574\" data-element_type=\"widget\" data-widget_type=\"heading.default\">\n\t\t\t\t<div class=\"elementor-widget-container\">\n\t\t\t\t\t<h4 class=\"elementor-heading-title elementor-size-default\">Respeto<\/h4>\t\t\t\t<\/div>\n\t\t\t\t<\/div>\n\t\t\t\t\t<\/div>\n\t\t<\/div>\n\t\t\t\t<div class=\"elementor-column elementor-col-25 elementor-top-column elementor-element elementor-element-241ba05\" data-id=\"241ba05\" data-element_type=\"column\" data-settings=\"{&quot;background_background&quot;:&quot;classic&quot;}\">\n\t\t\t<div class=\"elementor-widget-wrap elementor-element-populated\">\n\t\t\t\t\t<div class=\"elementor-background-overlay\"><\/div>\n\t\t\t\t\t\t<div class=\"elementor-element elementor-element-c57b8a8 elementor-widget elementor-widget-heading\" data-id=\"c57b8a8\" data-element_type=\"widget\" data-widget_type=\"heading.default\">\n\t\t\t\t<div class=\"elementor-widget-container\">\n\t\t\t\t\t<h4 class=\"elementor-heading-title elementor-size-default\">Empat\u00eda<\/h4>\t\t\t\t<\/div>\n\t\t\t\t<\/div>\n\t\t\t\t\t<\/div>\n\t\t<\/div>\n\t\t\t\t<div class=\"elementor-column elementor-col-25 elementor-top-column elementor-element elementor-element-dec1df2\" data-id=\"dec1df2\" data-element_type=\"column\" data-settings=\"{&quot;background_background&quot;:&quot;classic&quot;}\">\n\t\t\t<div class=\"elementor-widget-wrap elementor-element-populated\">\n\t\t\t\t\t<div class=\"elementor-background-overlay\"><\/div>\n\t\t\t\t\t\t<div class=\"elementor-element elementor-element-61eceffb elementor-widget elementor-widget-heading\" data-id=\"61eceffb\" data-element_type=\"widget\" data-widget_type=\"heading.default\">\n\t\t\t\t<div class=\"elementor-widget-container\">\n\t\t\t\t\t<h4 class=\"elementor-heading-title elementor-size-default\">Creatividad<\/h4>\t\t\t\t<\/div>\n\t\t\t\t<\/div>\n\t\t\t\t\t<\/div>\n\t\t<\/div>\n\t\t\t\t<div class=\"elementor-column elementor-col-25 elementor-top-column elementor-element elementor-element-3c9ebbb\" data-id=\"3c9ebbb\" data-element_type=\"column\" data-settings=\"{&quot;background_background&quot;:&quot;classic&quot;}\">\n\t\t\t<div class=\"elementor-widget-wrap elementor-element-populated\">\n\t\t\t\t\t<div class=\"elementor-background-overlay\"><\/div>\n\t\t\t\t\t\t<div class=\"elementor-element elementor-element-178a2ed5 elementor-widget elementor-widget-heading\" data-id=\"178a2ed5\" data-element_type=\"widget\" data-widget_type=\"heading.default\">\n\t\t\t\t<div class=\"elementor-widget-container\">\n\t\t\t\t\t<h4 class=\"elementor-heading-title elementor-size-default\">Transparencia<\/h4>\t\t\t\t<\/div>\n\t\t\t\t<\/div>\n\t\t\t\t\t<\/div>\n\t\t<\/div>\n\t\t\t\t\t<\/div>\n\t\t<\/section>\n\t\t\t\t<section class=\"elementor-section elementor-top-section elementor-element elementor-element-695e180 elementor-section-boxed elementor-section-height-default elementor-section-height-default\" data-id=\"695e180\" data-element_type=\"section\">\n\t\t\t\t\t\t<div class=\"elementor-container elementor-column-gap-default\">\n\t\t\t\t\t<div class=\"elementor-column elementor-col-100 elementor-top-column elementor-element elementor-element-e0a1b6c\" data-id=\"e0a1b6c\" data-element_type=\"column\">\n\t\t\t<div class=\"elementor-widget-wrap elementor-element-populated\">\n\t\t\t\t\t\t<div class=\"elementor-element elementor-element-3bd4b6f animated-slow elementor-invisible elementor-widget elementor-widget-heading\" data-id=\"3bd4b6f\" data-element_type=\"widget\" data-settings=\"{&quot;_animation&quot;:&quot;slideInUp&quot;}\" data-widget_type=\"heading.default\">\n\t\t\t\t<div class=\"elementor-widget-container\">\n\t\t\t\t\t<h3 class=\"elementor-heading-title elementor-size-default\">\u00bfQu\u00e9 es la diabetes tipo 1?<\/h3>\t\t\t\t<\/div>\n\t\t\t\t<\/div>\n\t\t\t\t<div class=\"elementor-element elementor-element-785f9d6a animated-slow elementor-invisible elementor-widget elementor-widget-text-editor\" data-id=\"785f9d6a\" data-element_type=\"widget\" data-settings=\"{&quot;_animation&quot;:&quot;slideInUp&quot;}\" data-widget_type=\"text-editor.default\">\n\t\t\t\t<div class=\"elementor-widget-container\">\n\t\t\t\t\t\t\t\t\t<p>La\u00a0diabetes tipo 1 es una enfermedad cr\u00f3nica que se caracteriza por la falta de producci\u00f3n de insulina y, en consecuencia,<br \/>por un aumento de la glucosa o az\u00facar en sangre por encima de los l\u00edmites normales.<br \/>Los ni\u00f1os y adolescentes tienen m\u00e1s riesgo de desarrollar diabetes tipo 1 que cualquier otra enfermedad cr\u00f3nica asociada<br \/>con la ni\u00f1ez. La\u00a0diabetes tipo 1 no afecta en absoluto ni a las capacidades intelectuales, ni de aprendizaje, ni de adquisici\u00f3n<br \/>de habilidades.<br \/>Una persona puede ser diagnosticada con diabetes tipo 1 a muy temprana edad.<\/p><p>A partir del momento del diagn\u00f3stico, los ni\u00f1os necesitan controlarse la glucemia, 5, 6, 7, 8 o m\u00e1s veces por d\u00eda, todos los d\u00edas<br \/>(y todas las noches\u2026) de sus vidas.<br \/>Tambi\u00e9n necesitan aplicarse insulina para poder vivir, y lo hacen 3, 4, 5 o m\u00e1s veces por d\u00eda, todos los d\u00edas de su vida.<br \/>Contabilizan hidratos, controlan literalmente \u201ccada bocado\u201d de alimento que ingieren y deben realizar actividad f\u00edsica en forma regular. Aprenden sobre procedimientos de emergencia para poder superar situaciones riesgosas que la diabetes tipo 1<br \/>en forma cotidiana les presenta\u2026<\/p><p>Esta condici\u00f3n de vida les exige un control y un cuidado meticuloso, constante y permanente a fin de minimizar las severas complicaciones que la diabetes tipo 1\u00a0podr\u00eda producir en sus vidas.<br \/>No se conoce a\u00fan cura para esta enfermedad\u2026<\/p>\t\t\t\t\t\t\t\t<\/div>\n\t\t\t\t<\/div>\n\t\t\t\t<div class=\"elementor-element elementor-element-3f1ed6c3 elementor-invisible elementor-widget elementor-widget-heading\" data-id=\"3f1ed6c3\" data-element_type=\"widget\" data-settings=\"{&quot;_animation&quot;:&quot;slideInUp&quot;}\" data-widget_type=\"heading.default\">\n\t\t\t\t<div class=\"elementor-widget-container\">\n\t\t\t\t\t<h3 class=\"elementor-heading-title elementor-size-default\">\u00bfQu\u00e9 es la diabetes tipo 2?<\/h3>\t\t\t\t<\/div>\n\t\t\t\t<\/div>\n\t\t\t\t<div class=\"elementor-element elementor-element-4c7f5d88 elementor-invisible elementor-widget elementor-widget-text-editor\" data-id=\"4c7f5d88\" data-element_type=\"widget\" data-settings=\"{&quot;_animation&quot;:&quot;slideInUp&quot;}\" data-widget_type=\"text-editor.default\">\n\t\t\t\t<div class=\"elementor-widget-container\">\n\t\t\t\t\t\t\t\t\t<p>Existe otro tipo de diabetes, la diabetes tipo 2, y si bien tambi\u00e9n hay un incremento del nivel de az\u00facar en sangre,<br \/>por las causas que la provocan, los s\u00edntomas, las caracter\u00edsticas, el tratamiento y hasta la edad de las personas a las que afecta,<br \/>difiere notablemente de la diabetes tipo 1.<br \/>La Diabetes tipo 2 se puede prevenir con un estilo de vida saludable, se genera en gran medida por los malos h\u00e1bitos<br \/>alimentarios y la obesidad, y es en un alto porcentaje hereditaria.<br \/>Los medicamentos para tratarla son orales y en caso que no funcionen, se debe aplicar insulina.<\/p><p>Puesto que la diabetes tipo 2 predomina en n\u00fameros absolutos, muchas veces no se tienen en cuenta las particulares necesidades y la complejidad del tratamiento de la poblaci\u00f3n que vive con diabetes tipo 1, en su mayor\u00eda ni\u00f1os,<br \/>adolescentes o adultos j\u00f3venes, ya que se enfrentan a una amplia gama de desaf\u00edos que incluye, entre otros,<br \/>el constante y permanente monitoreo y control gluc\u00e9mico de la enfermedad, el manejo de la alimentaci\u00f3n, la insulina,<br \/>la actividad f\u00edsica, y el soporte emocional, adem\u00e1s de la normalizaci\u00f3n escolar, la integraci\u00f3n social, el acceso al mundo laboral.<br \/>Sin duda un escenario diferente a la diabetes tipo 2 que en general acontece en la edad madura de la vida.<\/p><p>En general cuando se habla de \u201cdiabetes\u201d y se quiere destacar su impacto econ\u00f3mico, social, y el alt\u00edsimo y creciente gasto<br \/>en salud, se pone el foco en la diabetes tipo 2, para destacar inmediatamente que representa casi el 90% de todos los casos.<br \/>El otro foco de atenci\u00f3n est\u00e1 centrado en la \u201cPrevenci\u00f3n\u201d de la enfermedad, de ah\u00ed el protagonismo de la diabetes tipo 2<br \/>y por eso la\u00a0diabetes tipo 1\u00a0queda relegada a segundo plano, ya que no s\u00f3lo no se puede prevenir sino que s\u00f3lo representa<br \/>un 10% de la carga total de la diabetes en la poblaci\u00f3n.<\/p><p>Es tambi\u00e9n tanta la desinformaci\u00f3n que existe, que en general todos se refieren a la diabetes tipo 2 cuando la mencionan,<br \/>pero sin diferenciarla de la\u00a0diabetes tipo 1.<br \/>Esa es una de las razones por las cuales la sociedad ni siquiera conoce que existe m\u00e1s de un tipo de diabetes.<\/p>\t\t\t\t\t\t\t\t<\/div>\n\t\t\t\t<\/div>\n\t\t\t\t\t<\/div>\n\t\t<\/div>\n\t\t\t\t\t<\/div>\n\t\t<\/section>\n\t\t\t\t<\/div>\n\t\t","protected":false},"excerpt":{"rendered":"<p>Nosotros La\u00a0Asociaci\u00f3n para el Cuidado de la Diabetes en Argentina CUI.D.AR\u00a0es una Asociaci\u00f3n Civil sin fines de lucro que desde el 2001 trabajaen favor de Ni\u00f1os, Ni\u00f1as, Adolescentes, J\u00f3venes y Adultos que viven con Diabetes.Los esfuerzos de\u00a0CUI.D.AR\u00a0est\u00e1n puestos en minimizar el impacto de la diabetes en la vida de las personas, a trav\u00e9s de la &hellip; <\/p>\n<p class=\"link-more\"><a href=\"https:\/\/www.yoayudoachicoscondiabetes.org\/2020\/prensa\/\" class=\"more-link\">Continuar leyendo<span class=\"screen-reader-text\"> &#8220;Prensa&#8221;<\/span><\/a><\/p>\n","protected":false},"author":2,"featured_media":0,"parent":0,"menu_order":0,"comment_status":"closed","ping_status":"closed","template":"elementor_header_footer","meta":{"footnotes":""},"class_list":["post-268","page","type-page","status-publish","hentry","entry"],"_links":{"self":[{"href":"https:\/\/www.yoayudoachicoscondiabetes.org\/2020\/wp-json\/wp\/v2\/pages\/268","targetHints":{"allow":["GET"]}}],"collection":[{"href":"https:\/\/www.yoayudoachicoscondiabetes.org\/2020\/wp-json\/wp\/v2\/pages"}],"about":[{"href":"https:\/\/www.yoayudoachicoscondiabetes.org\/2020\/wp-json\/wp\/v2\/types\/page"}],"author":[{"embeddable":true,"href":"https:\/\/www.yoayudoachicoscondiabetes.org\/2020\/wp-json\/wp\/v2\/users\/2"}],"replies":[{"embeddable":true,"href":"https:\/\/www.yoayudoachicoscondiabetes.org\/2020\/wp-json\/wp\/v2\/comments?post=268"}],"version-history":[{"count":99,"href":"https:\/\/www.yoayudoachicoscondiabetes.org\/2020\/wp-json\/wp\/v2\/pages\/268\/revisions"}],"predecessor-version":[{"id":1619,"href":"https:\/\/www.yoayudoachicoscondiabetes.org\/2020\/wp-json\/wp\/v2\/pages\/268\/revisions\/1619"}],"wp:attachment":[{"href":"https:\/\/www.yoayudoachicoscondiabetes.org\/2020\/wp-json\/wp\/v2\/media?parent=268"}],"curies":[{"name":"wp","href":"https:\/\/api.w.org\/{rel}","templated":true}]}}